{"id":3668,"date":"2023-11-23T20:29:13","date_gmt":"2023-11-23T23:29:13","guid":{"rendered":"https:\/\/srv1.spalagoadaterra.com.br\/?page_id=3668"},"modified":"2024-01-10T18:56:42","modified_gmt":"2024-01-10T21:56:42","slug":"termos-de-uso","status":"publish","type":"page","link":"https:\/\/srv1.spalagoadaterra.com.br\/?page_id=3668","title":{"rendered":"Termos de Uso"},"content":{"rendered":"<p>Seja bem-vindo ao site <a href=\"https:\/\/srv1.spalagoadaterra.com.br\" target=\"_new\" rel=\"noopener\">www.spalagoadaterra.com.br<\/a>. Todos os servi\u00e7os neste site s\u00e3o ofertados pela empresa SPA Lagoa da Terra, de raz\u00e3o social: Qualidade de Vida Academia de Gin\u00e1stica Ltda, inscrito sob o CNPJ n\u00ba 11.228.268\/0001-00, com endere\u00e7o na Rua\u00a0 Pirapora, 197 &#8211; Para\u00edso , CEP 04008-060, Cidade de S\u00e3o Paulo, estado de SP.<\/p>\n<ol>\n<li><strong>Objetivo<\/strong><\/li>\n<\/ol>\n<p>A plataforma tem a finalidade de \u201ce-commerce\u201d, disponibilizando a venda de produtos e servi\u00e7os online neste site.<\/p>\n<ol start=\"2\">\n<li><strong>Da reserva de produtos<\/strong><\/li>\n<\/ol>\n<p>2.1 Nosso site n\u00e3o trabalha com nenhuma possibilidade de reservar qualquer um dos produtos ou servi\u00e7os ofertados sem a efetiva\u00e7\u00e3o do pagamento.<\/p>\n<p>2.2 O fato de o produto estar no carrinho de compras n\u00e3o \u00e9 tido como uma reserva.<\/p>\n<ol start=\"3\">\n<li><strong>Obriga\u00e7\u00f5es do cliente<\/strong><\/li>\n<\/ol>\n<p>3.1 O cliente dever\u00e1 informar os dados de forma completa e correta no momento de cadastro em nosso site.<\/p>\n<p>3.2 \u00c9 responsabilidade do cliente qualquer erro na escrita e de dados inseridos.<\/p>\n<p>3.3 Para efetuar qualquer compra em nosso website ou adicionar produtos ao carrinho \u00e9 necess\u00e1rio logar com o usu\u00e1rio e senha que foi fornecido no momento do cadastro.<\/p>\n<p>3.4 N\u00e3o informar os seus dados de login a terceiros sob pena de ser responsabilizado por qualquer conduta advinda desse uso.<\/p>\n<p>3.5 Cada cliente s\u00f3 poder\u00e1 efetuar um cadastro, n\u00e3o sendo aceito mais de uma conta por CPF.<\/p>\n<p>3.6 Usar a plataforma respeitando a \u00e9tica, bons costumes, legisla\u00e7\u00f5es e ordenamentos vigentes no pa\u00eds, sob pena de sofrer san\u00e7\u00f5es.<\/p>\n<p>3.7 Ser maior de idade (18 anos) e ter capacidade plena para realizar o cadastro e efetuar compras em nossa plataforma.<\/p>\n<p>3.8 N\u00e3o comentar ou enviar imagens nas avalia\u00e7\u00f5es que possam ir em desencontro com a \u00e9tica e o respeito, ou que tenha cunho difamat\u00f3rio, ofensivo, de \u00f3dio ou preconceituoso.<\/p>\n<p>3.9 N\u00e3o fornecer qualquer informa\u00e7\u00e3o falsa, fraudulenta ou que n\u00e3o seja correspondente aos seus dados.<\/p>\n<ol start=\"4\">\n<li><strong>Obriga\u00e7\u00f5es do e-commerce<\/strong><\/li>\n<\/ol>\n<p>4.1 Informar de maneira ostensiva e verdadeira sobre as caracter\u00edsticas e especifica\u00e7\u00f5es do produto\/servi\u00e7o dispon\u00edvel para venda, clara e completamente.<\/p>\n<p>4.2 Disponibilizar uma plataforma segura.<\/p>\n<p>4.3 Disponibilizar textos, imagens, \u00e1udios e v\u00eddeos informativos sobre os produtos\/servi\u00e7os ofertados e condizentes com o que ser\u00e1 entregue ao cliente.<\/p>\n<ol start=\"5\">\n<li><strong>Isen\u00e7\u00e3o de responsabilidade<\/strong><\/li>\n<\/ol>\n<p>5.1 N\u00e3o nos responsabilizamos pelo mau uso ou manuseio errado do produto, bem como de qualquer dano que possa ocorrer na utiliza\u00e7\u00e3o de qualquer produto adquirido em nossa plataforma.<\/p>\n<p>5.2 Todos os servi\u00e7os e produtos que vendemos est\u00e3o dentro dos padr\u00f5es e condi\u00e7\u00f5es que v\u00eam de f\u00e1brica, do distribuidor ou da empresa que revendeu o(s) produto(s) e\/ou prestou servi\u00e7o(s).<\/p>\n<p>5.3 Fornecemos todas as informa\u00e7\u00f5es pertinentes relacionadas a produtos e servi\u00e7os; os produtos s\u00e3o acompanhados das instru\u00e7\u00f5es de uso e cuidados, em suas caixas.<\/p>\n<ol start=\"6\">\n<li><strong>Da propriedade intelectual<\/strong><\/li>\n<\/ol>\n<p>6.1 Todo o design e pagina\u00e7\u00e3o s\u00e3o de propriedade do SPA Lagoa da Terra.<\/p>\n<p>6.2 Toda imagem, ilustra\u00e7\u00e3o, obras de arte, c\u00f3digos de programa\u00e7\u00e3o em geral, nomes comerciais de produtos e\/ou servi\u00e7os, softwares, v\u00eddeos e conte\u00fado disponibilizado em spalagoadaterra.com.br, s\u00e3o de nossa total propriedade, tendo seu uso proibido sem autoriza\u00e7\u00e3o pr\u00e9via. S\u00e3o vedadas quaisquer c\u00f3pias n\u00e3o autorizadas de quaisquer tipos de materiais mencionados, e\/ou descri\u00e7\u00f5es de produtos existentes em nossa web p\u00e1gina, sob pena de respostas por san\u00e7\u00f5es, de quem desobedecer.<\/p>\n<p>6.2.1 As imagens e v\u00eddeos s\u00e3o meramente ilustrativas, pois dependendo do monitor ou da tela do aparelho eletr\u00f4nico o mesmo pode apresentar varia\u00e7\u00e3o de cores ou tons.<\/p>\n<p>6.3 A logo, a marca e toda a apar\u00eancia da empresa s\u00e3o do SPA Lagoa da Terra.<\/p>\n<p>6.4 O SPA Lagoa da Terra n\u00e3o se responsabiliza por sites externos de terceiros, divulgados ou n\u00e3o, atrav\u00e9s de links, banners, publicidade, parceiros, entre outros, em nosso site spalagoadaterra.com.br. Aconselhamos que os usu\u00e1rios\/clientes sejam cautelosos ao navegar por essas p\u00e1ginas\/sites de terceiros, assim como ao fornecer os seus dados; A partir do momento em que n\u00e3o est\u00e3o mais no site spalagoadaterra.com.br, toda informa\u00e7\u00e3o de car\u00e1ter pessoal compartilhada nesses ambientes digitais, s\u00e3o de total responsabilidade do usu\u00e1rio\/cliente.<\/p>\n<p>6.5 N\u00f3s n\u00e3o nos responsabilizamos e n\u00e3o temos qualquer tipo de rela\u00e7\u00e3o por links externos que possam vir a aparecer em nossa p\u00e1gina. H\u00e1 algumas \u00e1reas que poder\u00e3o apresentar propagandas ou divulga\u00e7\u00e3o desses links externos; Devido a isso, aconselhamos aos usu\u00e1rios\/clientes muito cuidado ao navegarem por essas p\u00e1ginas e ao fornecerem os seus dados, pois, utilizar essas p\u00e1ginas \u00e9 de total responsabilidade do usu\u00e1rio\/cliente.<\/p>\n<p>6.6 Nada contido em nossa web p\u00e1gina garante o direito \u00e0 concess\u00e3o de licen\u00e7a ou, direito de uso sem o consentimento expresso de um dos gerenciadores e\/ou propriet\u00e1rio da p\u00e1gina. O consentimento de c\u00f3pia ou compartilhamento deve vir por escrito de forma clara e expressa. \u00c9 vedado compartilhar, copiar, plagiar ou disponibilizar qualquer tipo de conte\u00fado (texto, foto, v\u00eddeo ou \u00e1udio, por exemplo), encontrado em nosso site.<\/p>\n<ol start=\"7\">\n<li><strong>Formas de pagamento<\/strong><\/li>\n<\/ol>\n<p>7.1 As formas de pagamento aceitas em nosso e-commerce s\u00e3o: cart\u00e3o de cr\u00e9dito e criptomoedas. Qualquer outra forma de pagamento n\u00e3o \u00e9 aceita por nosso e-commerce.<\/p>\n<p>7.2 O produto e\/ou servi\u00e7o ser\u00e1 enviado\/liberado para utiliza\u00e7\u00e3o somente ap\u00f3s a confirma\u00e7\u00e3o do pagamento pelas plataformas financeiras associadas ao SPA Lagoa da Terra.<\/p>\n<p>7.3 Ser\u00e3o aceitos apenas os CUPONS de descontos disponibilizados pelo SPA Lagoa da Terra. Nos damos o direito de cancelar os CUPONS vigentes, sem aviso pr\u00e9vio ou caso atinjam o limite de uso estipulado por n\u00f3s.<\/p>\n<p>7.4 Disponibilizamos v\u00e1rias op\u00e7\u00f5es de parcelamentos, contudo, as taxas extras de juros da operadora poder\u00e3o ser aplicadas.<\/p>\n<p>7.5 Para solicitar o estorno de um pagamento, entre em contato com a nossa Central de Atendimento ou SAC, atrav\u00e9s do e-mail: <a href=\"mailto:contato@srv1.spalagoadaterra.com.br\" target=\"_new\" rel=\"noopener\">contato@srv1.spalagoadaterra.com.br<\/a>.<\/p>\n<ol start=\"8\">\n<li><strong>Entrega e envio do voucher<\/strong><\/li>\n<\/ol>\n<p>8.1 Ao realizar a compra de um voucher, o usu\u00e1rio ter\u00e1 o prazo de 90 (noventa) dias corridos para resgat\u00e1-lo em uma de nossas unidades.<\/p>\n<p>8.2 Caso o usu\u00e1rio n\u00e3o venha ativar\/utilizar voucher adquirido dentro do per\u00edodo de at\u00e9 90 (noventa) dias corridos a partir da data da emiss\u00e3o do mesmo, perder\u00e1 o direito de sua utiliza\u00e7\u00e3o.<\/p>\n<p>8.3 Excepcionalmente, podemos criar vouchers com prazo de validade menor que 90 (noventa) dias. Por isso, \u00e9 de responsabilidade dos usu\u00e1rios\/clientes verificar a data espec\u00edfica de cada voucher.<\/p>\n<ol start=\"9\">\n<li><strong>Entrega e envio do produto<\/strong><\/li>\n<\/ol>\n<p>9.1 O produto adquirido dentro do spalagoadaterra.com.br ser\u00e1 enviado em at\u00e9 3 dias \u00fateis, ap\u00f3s a confirma\u00e7\u00e3o de pagamento.<\/p>\n<p>9.2 Os custos de envio s\u00e3o vari\u00e1veis e vinculados \u00e0 localidade de entrega. Os valores poder\u00e3o ser visualizados assim que o seu CEP e endere\u00e7o forem informados no carrinho de compras, na aba: frete\/entrega\/envio.<\/p>\n<p>9.3 Caso o usu\u00e1rio\/cliente decida retirar o produto em qualquer unidade SPA Lagoa da Terra, os valores extras de envio n\u00e3o ser\u00e3o cobrados.<\/p>\n<p>9.4 O valor de entrega\/envio do produto segue faixa pr\u00e9-definida, de acordo com a purifica\u00e7\u00e3o por peso padr\u00e3o das empresas de log\u00edstica, fornecedoras e parceiras SPA Lagoa da Terra.<\/p>\n","protected":false},"excerpt":{"rendered":"<p>Seja bem-vindo ao site www.spalagoadaterra.com.br. Todos os servi\u00e7os neste site s\u00e3o ofertados pela empresa SPA Lagoa da Terra, de raz\u00e3o social: Qualidade de Vida Academia de Gin\u00e1stica Ltda, inscrito sob o CNPJ n\u00ba 11.228.268\/0001-00, com endere\u00e7o na Rua\u00a0 Pirapora, 197 &#8211; Para\u00edso , CEP 04008-060, Cidade de S\u00e3o Paulo, estado de SP. Objetivo A plataforma tem a finalidade de \u201ce-commerce\u201d,&hellip;<\/p>\n","protected":false},"author":1,"featured_media":0,"parent":0,"menu_order":0,"comment_status":"closed","ping_status":"closed","template":"","meta":{"footnotes":""},"class_list":["post-3668","page","type-page","status-publish","hentry"],"_links":{"self":[{"href":"https:\/\/srv1.spalagoadaterra.com.br\/index.php?rest_route=\/wp\/v2\/pages\/3668","targetHints":{"allow":["GET"]}}],"collection":[{"href":"https:\/\/srv1.spalagoadaterra.com.br\/index.php?rest_route=\/wp\/v2\/pages"}],"about":[{"href":"https:\/\/srv1.spalagoadaterra.com.br\/index.php?rest_route=\/wp\/v2\/types\/page"}],"author":[{"embeddable":true,"href":"https:\/\/srv1.spalagoadaterra.com.br\/index.php?rest_route=\/wp\/v2\/users\/1"}],"replies":[{"embeddable":true,"href":"https:\/\/srv1.spalagoadaterra.com.br\/index.php?rest_route=%2Fwp%2Fv2%2Fcomments&post=3668"}],"version-history":[{"count":2,"href":"https:\/\/srv1.spalagoadaterra.com.br\/index.php?rest_route=\/wp\/v2\/pages\/3668\/revisions"}],"predecessor-version":[{"id":3761,"href":"https:\/\/srv1.spalagoadaterra.com.br\/index.php?rest_route=\/wp\/v2\/pages\/3668\/revisions\/3761"}],"wp:attachment":[{"href":"https:\/\/srv1.spalagoadaterra.com.br\/index.php?rest_route=%2Fwp%2Fv2%2Fmedia&parent=3668"}],"curies":[{"name":"wp","href":"https:\/\/api.w.org\/{rel}","templated":true}]}}